{"id":240294,"date":"2019-05-28T16:00:06","date_gmt":"2019-05-28T14:00:06","guid":{"rendered":"https:\/\/digital4kids.at\/iptal-politikasi\/"},"modified":"2019-05-28T16:00:06","modified_gmt":"2019-05-28T14:00:06","slug":"iptal-politikasi","status":"publish","type":"page","link":"https:\/\/digital4kids.at\/tr\/iptal-politikasi\/","title":{"rendered":"\u0130ptal politikas\u0131"},"content":{"rendered":"<h3>T\u00fcketiciler i\u00e7in iptal hakk\u0131<\/h3>\n<p>(T\u00fcketici, a\u011f\u0131rl\u0131kl\u0131 olarak ticareti, i\u015fi veya mesle\u011fi d\u0131\u015f\u0131ndaki ama\u00e7larla yasal bir i\u015flem yapan herhangi bir ger\u00e7ek ki\u015fidir).<\/p>\n<h1>\u0130ptal politikas\u0131<\/h1>\n<h3>\u0130ptal hakk\u0131<\/h3>\n<p>Bu s\u00f6zle\u015fmeyi on d\u00f6rt g\u00fcn i\u00e7inde herhangi bir sebep g\u00f6stermeksizin iptal etme hakk\u0131na sahipsiniz.<\/p>\n<p>\u0130ptal s\u00fcresi, tarihten itibaren on d\u00f6rt g\u00fcnd\u00fcr,<\/p>\n<ul>\n<li>Tek bir sipari\u015fin par\u00e7as\u0131 olarak bir veya daha fazla mal sipari\u015f etmi\u015f olman\u0131z ve bunlar\u0131n tek tip olarak teslim edilmesi veya teslim edilecek olmas\u0131 ko\u015fuluyla, sizin veya sizin taraf\u0131n\u0131zdan belirlenen ve ta\u015f\u0131y\u0131c\u0131 olmayan \u00fc\u00e7\u00fcnc\u00fc bir taraf\u0131n mallara sahip oldu\u011fu veya mallar\u0131 teslim ald\u0131\u011f\u0131 veya<\/li>\n<li>Tek bir sipari\u015fin par\u00e7as\u0131 olarak birden fazla mal sipari\u015f etmi\u015f olman\u0131z ve bunlar\u0131n ayr\u0131 ayr\u0131 teslim edilmesi ko\u015fuluyla, sizin veya sizin taraf\u0131n\u0131zdan belirlenen ve ta\u015f\u0131y\u0131c\u0131 olmayan \u00fc\u00e7\u00fcnc\u00fc bir taraf\u0131n son mallar\u0131 teslim ald\u0131\u011f\u0131 tarihte veya<\/li>\n<li>Birka\u00e7 k\u0131smi sevkiyat veya par\u00e7a halinde teslim edilen mallar sipari\u015f ettiyseniz, sizin veya sizin taraf\u0131n\u0131zdan belirlenen ve ta\u015f\u0131y\u0131c\u0131 olmayan \u00fc\u00e7\u00fcnc\u00fc bir taraf\u0131n son k\u0131smi sevkiyat\u0131 veya son par\u00e7ay\u0131 teslim ald\u0131\u011f\u0131 tarih veya<\/li>\n<li>Mallar\u0131n belirli bir s\u00fcre boyunca d\u00fczenli olarak teslim edilmesine ili\u015fkin bir s\u00f6zle\u015fme imzalam\u0131\u015f olman\u0131z ko\u015fuluyla, sizin veya sizin taraf\u0131n\u0131zdan belirlenen ve ta\u015f\u0131y\u0131c\u0131 olmayan \u00fc\u00e7\u00fcnc\u00fc bir taraf\u0131n ilk mallar\u0131 teslim ald\u0131\u011f\u0131 tarih.<\/li>\n<\/ul>\n<p>\u0130ptal hakk\u0131n\u0131 kullanmak i\u00e7in, bu s\u00f6zle\u015fmeyi iptal etme karar\u0131n\u0131z\u0131 a\u00e7\u0131k bir beyanla (\u00f6rne\u011fin posta, e-posta veya faks yoluyla g\u00f6nderilen bir mektup) bize (SalesAtelier GmbH, Maria Jacobi Gasse 1, MQM 3.4, Top 2.12, 1030 Viyana, Avusturya, telefon numaras\u0131: 01\/997186610, e-posta adresi: office@digital4kids.at, faks numaras\u0131: 01\/997186699) bildirmeniz gerekir. Ekteki \u00f6rnek iptal formunu kullanabilirsiniz, ancak bu zorunlu de\u011fildir.<\/p>\n<p>Son iptal tarihine uymak i\u00e7in, iptal hakk\u0131n\u0131z\u0131 kulland\u0131\u011f\u0131n\u0131za dair bildiriminizi iptal s\u00fcresi dolmadan \u00f6nce g\u00f6ndermeniz yeterlidir.<\/p>\n<h3>\u0130ptalin sonu\u00e7lar\u0131<\/h3>\n<p>Bu s\u00f6zle\u015fmeden \u00e7ekilmeniz halinde, teslimat masraflar\u0131 da dahil olmak \u00fczere (taraf\u0131m\u0131zca sunulan en ucuz standart teslimat t\u00fcr\u00fc d\u0131\u015f\u0131nda bir teslimat t\u00fcr\u00fc se\u00e7menizden kaynaklanan ek masraflar hari\u00e7) sizden al\u0131nan t\u00fcm \u00f6demeleri gecikmeksizin ve her hal\u00fckarda bu s\u00f6zle\u015fmeden \u00e7ekilme karar\u0131n\u0131z hakk\u0131nda bilgilendirildi\u011fimiz g\u00fcnden itibaren en ge\u00e7 14 g\u00fcn i\u00e7inde size geri \u00f6deyece\u011fiz. Bu geri \u00f6deme i\u00e7in, sizinle a\u00e7\u0131k\u00e7a aksi kararla\u015ft\u0131r\u0131lmad\u0131k\u00e7a, orijinal i\u015flem i\u00e7in kulland\u0131\u011f\u0131n\u0131z ayn\u0131 \u00f6deme y\u00f6ntemini kullanaca\u011f\u0131z; hi\u00e7bir durumda bu geri \u00f6deme i\u00e7in sizden herhangi bir \u00fccret talep edilmeyecektir.<\/p>\n<p>Mallar\u0131 geri alana kadar veya siz mallar\u0131 iade etti\u011finize dair kan\u0131t sunana kadar (hangisi daha erken ise) size para iadesi yapmay\u0131 reddedebiliriz.<\/p>\n<p>Mallar\u0131 derhal ve her hal\u00fckarda bu s\u00f6zle\u015fmenin iptalini bize bildirdi\u011finiz g\u00fcnden itibaren en ge\u00e7 on d\u00f6rt g\u00fcn i\u00e7inde bize iade etmeli veya teslim etmelisiniz. Mallar\u0131 on d\u00f6rt g\u00fcnl\u00fck s\u00fcre dolmadan \u00f6nce g\u00f6nderirseniz son teslim tarihine uyulmu\u015f olur.<\/p>\n<p>Mallar\u0131 iade etmenin do\u011frudan masraflar\u0131 size aittir.<\/p>\n<p>Mallar\u0131n de\u011ferindeki herhangi bir kayb\u0131, yaln\u0131zca bu de\u011fer kayb\u0131 mallar\u0131n durumlar\u0131n\u0131, \u00f6zelliklerini ve i\u015flevlerini kontrol etmek i\u00e7in gerekli olmayan elle\u00e7lemeden kaynaklan\u0131yorsa \u00f6demek zorundas\u0131n\u0131z.<\/p>\n<h2>\u00d6rnek iptal formu<\/h2>\n<p>(S\u00f6zle\u015fmeyi iptal etmek istiyorsan\u0131z, l\u00fctfen bu formu doldurun ve iade edin).<\/p>\n<p>&#8211; i\u00e7in<\/p>\n<p>SalesAtelier GmbH, Maria Jacobi Gasse 1, MQM 3.4, Top 2.12, 1030 Viyana, Avusturya, telefon numaras\u0131: 01\/997186610, e-posta adresi: office@digital4kids.at, faks numaras\u0131: 01\/997186699<\/p>\n<p>&#8211; Ben\/biz (*) a\u015fa\u011f\u0131daki mallar\u0131n sat\u0131n al\u0131nmas\u0131 (*)\/a\u015fa\u011f\u0131daki hizmetin sa\u011flanmas\u0131 (*) i\u00e7in taraf\u0131mdan\/bizden (*) akdedilen s\u00f6zle\u015fmeyi iptal ediyorum\/ediyoruz<\/p>\n<p>&#8211; (*) tarihinde sipari\u015f edildi \/ (*) tarihinde teslim al\u0131nd\u0131<\/p>\n<p>&#8211; T\u00fcketici(ler)in ad\u0131<\/p>\n<p>&#8211; T\u00fcketici(ler)in adresi<\/p>\n<p>&#8211; T\u00fcketici(ler)in imzas\u0131 (sadece ka\u011f\u0131t \u00fczerinde bildirim i\u00e7in)<\/p>\n<p>&#8211; Tarih<\/p>\n<p>___________<br \/>\n(*) Uygun oldu\u011fu \u015fekilde silin.<\/p>\n","protected":false},"excerpt":{"rendered":"<p>T\u00fcketiciler i\u00e7in iptal hakk\u0131 (T\u00fcketici, a\u011f\u0131rl\u0131kl\u0131 olarak ticareti, i\u015fi veya mesle\u011fi d\u0131\u015f\u0131ndaki ama\u00e7larla yasal bir i\u015flem yapan herhangi bir ger\u00e7ek ki\u015fidir). \u0130ptal politikas\u0131 \u0130ptal hakk\u0131 Bu s\u00f6zle\u015fmeyi on d\u00f6rt g\u00fcn i\u00e7inde herhangi bir sebep g\u00f6stermeksizin iptal etme hakk\u0131na sahipsiniz. \u0130ptal s\u00fcresi, tarihten itibaren on d\u00f6rt g\u00fcnd\u00fcr, Tek bir sipari\u015fin par\u00e7as\u0131 olarak bir veya daha fazla [&hellip;]<\/p>\n","protected":false},"author":1,"featured_media":0,"parent":0,"menu_order":0,"comment_status":"closed","ping_status":"closed","template":"","meta":{"_et_pb_use_builder":"","_et_pb_old_content":"","_et_gb_content_width":"","footnotes":""},"class_list":["post-240294","page","type-page","status-publish","hentry"],"_links":{"self":[{"href":"https:\/\/digital4kids.at\/tr\/wp-json\/wp\/v2\/pages\/240294","targetHints":{"allow":["GET"]}}],"collection":[{"href":"https:\/\/digital4kids.at\/tr\/wp-json\/wp\/v2\/pages"}],"about":[{"href":"https:\/\/digital4kids.at\/tr\/wp-json\/wp\/v2\/types\/page"}],"author":[{"embeddable":true,"href":"https:\/\/digital4kids.at\/tr\/wp-json\/wp\/v2\/users\/1"}],"replies":[{"embeddable":true,"href":"https:\/\/digital4kids.at\/tr\/wp-json\/wp\/v2\/comments?post=240294"}],"version-history":[{"count":0,"href":"https:\/\/digital4kids.at\/tr\/wp-json\/wp\/v2\/pages\/240294\/revisions"}],"wp:attachment":[{"href":"https:\/\/digital4kids.at\/tr\/wp-json\/wp\/v2\/media?parent=240294"}],"curies":[{"name":"wp","href":"https:\/\/api.w.org\/{rel}","templated":true}]}}