{"id":240309,"date":"2019-06-24T12:05:22","date_gmt":"2019-06-24T10:05:22","guid":{"rendered":"https:\/\/digital4kids.at\/digital4kids\/"},"modified":"2024-02-24T10:42:05","modified_gmt":"2024-02-24T09:42:05","slug":"digital4kids","status":"publish","type":"page","link":"https:\/\/digital4kids.at\/tr\/","title":{"rendered":"Digital4kids"},"content":{"rendered":"<p>[et_pb_section fb_built=&#8221;1&#8243; fullwidth=&#8221;on&#8221; _builder_version=&#8221;4.16&#8243; bottom_divider_style=&#8221;waves&#8221; bottom_divider_color=&#8221;#ffffff&#8221; bottom_divider_height=&#8221;121px&#8221; bottom_divider_flip=&#8221;vertical&#8221; global_colors_info=&#8221;{}&#8221;][et_pb_fullwidth_slider use_bg_overlay=&#8221;on&#8221; _builder_version=&#8221;4.16&#8243; header_font=&#8221;n|||||on|||&#8221; header_font_size=&#8221;47px&#8221; body_font=&#8221;||||||||&#8221; body_font_size=&#8221;19px&#8221; background_video_mp4=&#8221;https:\/\/digital4kids.at\/wp-content\/uploads\/2020\/11\/teachingSmall.mp4&#8243; custom_button=&#8221;on&#8221; button_text_size=&#8221;24px&#8221; button_bg_color=&#8221;#76b900&#8243; button_border_width=&#8221;0px&#8221; button_border_radius=&#8221;100px&#8221; button_font=&#8221;n|||||on|||&#8221; button_icon=&#8221;%%1%%&#8221; button_alignment=&#8221;center&#8221; height=&#8221;931px&#8221; custom_padding=&#8221;218px||229px|||&#8221; global_colors_info=&#8221;{}&#8221;][et_pb_slide heading=&#8221;Dijital d\u00fcnya&#8221; button_text=&#8221;Kursa genel bak\u0131\u015f&#8221; button_link=&#8221;http:\/\/digital4kids.at\/kurse-fuer-kinder-und-jugendliche\/&#8221; use_text_overlay=&#8221;on&#8221; text_overlay_color=&#8221;#000000&#8243; _builder_version=&#8221;4.16&#8243; header_font_size=&#8221;38px&#8221; body_font=&#8221;||||||||&#8221; body_font_size=&#8221;23px&#8221; background_image=&#8221;http:\/\/digital4kids.at\/wp-content\/uploads\/2019\/06\/317353.jpg&#8221; custom_button=&#8221;on&#8221; button_font=&#8221;||||||||&#8221; button_use_icon=&#8221;on&#8221; button_icon=&#8221;&#x22;||divi||400&#8243; button_icon_placement=&#8221;left&#8221; button_on_hover=&#8221;off&#8221; link_option_url=&#8221;http:\/\/digital4kids.at\/kurse-fuer-kinder-und-jugendliche\/&#8221; global_colors_info=&#8221;{}&#8221; sticky_transition=&#8221;on&#8221;]<\/p>\n<p>G\u00fcn\u00fcm\u00fcz i\u015f ortam\u0131nda, \u00e7e\u015fitli teknik terimler ve teknolojiler hakk\u0131nda bilgi sahibi olmak bir \u00f6n ko\u015fuldur. \u00c7ocuklara avantaj sa\u011flamak i\u00e7in erken ya\u015flardan itibaren mant\u0131ksal d\u00fc\u015f\u00fcnme becerilerini geli\u015ftirme f\u0131rsat\u0131 veriyoruz. Programlaman\u0131n temellerini anlad\u0131\u011f\u0131n\u0131zda ve bir bilgisayar\u0131n nas\u0131l &#8220;\u00e7al\u0131\u015ft\u0131\u011f\u0131n\u0131&#8221; bildi\u011finizde, hayatta pek \u00e7ok \u015fey daha kolay olacakt\u0131r.<\/p>\n<p>[\/et_pb_slide][\/et_pb_fullwidth_slider][\/et_pb_section][et_pb_section fb_built=&#8221;1&#8243; _builder_version=&#8221;4.16&#8243; _module_preset=&#8221;default&#8221; global_colors_info=&#8221;{}&#8221;][et_pb_row column_structure=&#8221;1_4,1_4,1_4,1_4&#8243; _builder_version=&#8221;4.16&#8243; _module_preset=&#8221;default&#8221; global_colors_info=&#8221;{}&#8221;][et_pb_column type=&#8221;1_4&#8243; _builder_version=&#8221;4.16&#8243; _module_preset=&#8221;default&#8221; global_colors_info=&#8221;{}&#8221;][et_pb_blurb title=&#8221;\u0130nternet&#8221; use_icon=&#8221;on&#8221; font_icon=&#8221;&#xe0e3;||divi||400&#8243; icon_color=&#8221;#2ea3f2&#8243; _builder_version=&#8221;4.16&#8243; header_font=&#8221;n|600||||on|||&#8221; header_text_align=&#8221;center&#8221; header_font_size=&#8221;25px&#8221; body_font=&#8221;||||||||&#8221; body_font_size=&#8221;18px&#8221; text_orientation=&#8221;center&#8221; global_colors_info=&#8221;{}&#8221;]<\/p>\n<p><span>\u0130nternet nedir, geli\u015fimi, uygulamalar\u0131, tehlikeleri, sosyal medya, gizlilik, vir\u00fcsler, e-posta, zararl\u0131 yaz\u0131l\u0131mlar, do\u011fru kullan\u0131m<\/span><\/p>\n<p>[\/et_pb_blurb][\/et_pb_column][et_pb_column type=&#8221;1_4&#8243; _builder_version=&#8221;4.16&#8243; _module_preset=&#8221;default&#8221; global_colors_info=&#8221;{}&#8221;][et_pb_blurb title=&#8221;Kodlama&#8221; use_icon=&#8221;on&#8221; font_icon=&#8221;&#xe00a;||divi||400&#8243; icon_color=&#8221;#2ea3f2&#8243; _builder_version=&#8221;4.16&#8243; header_font=&#8221;n|600||||on|||&#8221; header_text_align=&#8221;center&#8221; header_font_size=&#8221;25px&#8221; body_font=&#8221;||||||||&#8221; body_font_size=&#8221;18px&#8221; text_orientation=&#8221;center&#8221; global_colors_info=&#8221;{}&#8221;]<\/p>\n<p><span>\u0130nternet nedir, geli\u015fimi, uygulamalar\u0131, tehlikeleri, sosyal medya, gizlilik, vir\u00fcsler, e-posta, zararl\u0131 yaz\u0131l\u0131mlar, do\u011fru kullan\u0131m<\/span><\/p>\n<p>[\/et_pb_blurb][\/et_pb_column][et_pb_column type=&#8221;1_4&#8243; _builder_version=&#8221;4.16&#8243; _module_preset=&#8221;default&#8221; global_colors_info=&#8221;{}&#8221;][et_pb_blurb title=&#8221;Minecraft&#8221; use_icon=&#8221;on&#8221; font_icon=&#8221;&#xe00e;||divi||400&#8243; icon_color=&#8221;#2ea3f2&#8243; _builder_version=&#8221;4.16&#8243; header_font=&#8221;n|600||||on|||&#8221; header_text_align=&#8221;center&#8221; header_font_size=&#8221;25px&#8221; body_font=&#8221;||||||||&#8221; body_font_size=&#8221;18px&#8221; text_orientation=&#8221;center&#8221; global_colors_info=&#8221;{}&#8221;]<\/p>\n<p><span>\u0130nternet nedir, geli\u015fimi, uygulamalar\u0131, tehlikeleri, sosyal medya, gizlilik, vir\u00fcsler, e-posta, zararl\u0131 yaz\u0131l\u0131mlar, do\u011fru kullan\u0131m<\/span><\/p>\n<p>[\/et_pb_blurb][\/et_pb_column][et_pb_column type=&#8221;1_4&#8243; _builder_version=&#8221;4.16&#8243; _module_preset=&#8221;default&#8221; global_colors_info=&#8221;{}&#8221;][et_pb_blurb title=&#8221;Dijital d\u00fcnya&#8221; use_icon=&#8221;on&#8221; font_icon=&#8221;&#xe0e2;||divi||400&#8243; icon_color=&#8221;#2ea3f2&#8243; _builder_version=&#8221;4.16&#8243; header_font=&#8221;n|600||||on|||&#8221; header_text_align=&#8221;center&#8221; header_font_size=&#8221;25px&#8221; body_font=&#8221;||||||||&#8221; body_font_size=&#8221;18px&#8221; text_orientation=&#8221;center&#8221; global_colors_info=&#8221;{}&#8221;]<\/p>\n<p><span>\u0130nternet nedir, geli\u015fimi, uygulamalar\u0131, tehlikeleri, sosyal medya, gizlilik, vir\u00fcsler, e-posta, zararl\u0131 yaz\u0131l\u0131mlar, do\u011fru kullan\u0131m<\/span><\/p>\n<p>[\/et_pb_blurb][\/et_pb_column][\/et_pb_row][\/et_pb_section][et_pb_section fb_built=&#8221;1&#8243; prev_background_color=&#8221;#ffffff&#8221; _builder_version=&#8221;4.16&#8243; background_color=&#8221;#1a1918&#8243; custom_padding=&#8221;0px||88px|||&#8221; top_divider_style=&#8221;waves&#8221; top_divider_height=&#8221;128px&#8221; top_divider_flip=&#8221;vertical&#8221; global_colors_info=&#8221;{}&#8221;][et_pb_row column_structure=&#8221;2_3,1_3&#8243; _builder_version=&#8221;4.16&#8243; custom_margin=&#8221;|auto|-6px|auto||&#8221; custom_padding=&#8221;140px|||||&#8221; global_colors_info=&#8221;{}&#8221;][et_pb_column type=&#8221;2_3&#8243; _builder_version=&#8221;4.16&#8243; global_colors_info=&#8221;{}&#8221;][et_pb_text _builder_version=&#8221;4.16&#8243; text_font=&#8221;||||||||&#8221; text_text_color=&#8221;#eaeaea&#8221; text_font_size=&#8221;22px&#8221; header_font=&#8221;n|||||on|||&#8221; header_text_color=&#8221;#76b900&#8243; header_font_size=&#8221;42px&#8221; text_orientation=&#8221;center&#8221; background_layout=&#8221;dark&#8221; text_text_align=&#8221;center&#8221; global_colors_info=&#8221;{}&#8221;]<\/p>\n<h1>Evinizde veya Viyana&#8217;daki tesislerimizde \u00e7ocuklar i\u00e7in mobil, dijital kurslar 3<\/h1>\n<div class=\"et_pb_header_content_wrapper\">\n<p>G\u00fcn\u00fcm\u00fcz i\u015f ortam\u0131nda, \u00e7e\u015fitli teknik terimler ve teknolojiler hakk\u0131nda bilgi sahibi olmak bir \u00f6n ko\u015fuldur.<\/p>\n<p>&nbsp;<\/p>\n<p>\u00c7ocuklara avantaj sa\u011flamak i\u00e7in erken ya\u015flardan itibaren mant\u0131ksal d\u00fc\u015f\u00fcnme becerilerini geli\u015ftirme f\u0131rsat\u0131 veriyoruz. Programlaman\u0131n temellerini anlad\u0131\u011f\u0131n\u0131zda ve bir bilgisayar\u0131n nas\u0131l &#8220;\u00e7al\u0131\u015ft\u0131\u011f\u0131n\u0131&#8221; bildi\u011finizde, hayatta pek \u00e7ok \u015fey daha kolay olacakt\u0131r.<\/p>\n<\/div>\n<p>[\/et_pb_text][\/et_pb_column][et_pb_column type=&#8221;1_3&#8243; _builder_version=&#8221;4.16&#8243; global_colors_info=&#8221;{}&#8221;][et_pb_image src=&#8221;https:\/\/digital4kids.at\/wp-content\/uploads\/2019\/05\/logo_final.png&#8221; alt=&#8221;Digital4kids Logosu&#8221; title_text=&#8221;Logo&#8221; _builder_version=&#8221;4.24.0&#8243; hover_enabled=&#8221;0&#8243; border_radii=&#8221;on|173px|173px|173px|173px&#8221; global_colors_info=&#8221;{}&#8221; sticky_enabled=&#8221;0&#8243;][\/et_pb_image][\/et_pb_column][\/et_pb_row][\/et_pb_section][et_pb_section fb_built=&#8221;1&#8243; module_id=&#8221;conta6&#8243; _builder_version=&#8221;4.9.10&#8243; background_color=&#8221;#1a1918&#8243; custom_padding=&#8221;87px|||||&#8221; top_divider_color=&#8221;#000000&#8243; hover_transition_duration=&#8221;500ms&#8221; hover_transition_speed_curve=&#8221;ease-in&#8221; global_module=&#8221;239648&#8243; saved_tabs=&#8221;all&#8221; global_colors_info=&#8221;{}&#8221;][et_pb_row column_structure=&#8221;1_4,1_2,1_4&#8243; _builder_version=&#8221;4.16&#8243; global_colors_info=&#8221;{}&#8221;][et_pb_column type=&#8221;1_4&#8243; _builder_version=&#8221;4.16&#8243; global_colors_info=&#8221;{}&#8221;][et_pb_blurb title=&#8221;Bize ula\u015f\u0131n&#8221; image=&#8221;https:\/\/digital4kids.at\/wp-content\/uploads\/2019\/06\/contact-us-1.jpg&#8221; alt=&#8221;\u0130leti\u015fim imkan\u0131&#8221; image_icon_width=&#8221;80%&#8221; content_max_width=&#8221;338px&#8221; _builder_version=&#8221;4.24.0&#8243; header_font=&#8221;n|||||on|||&#8221; header_text_color=&#8221;#76b900&#8243; header_font_size=&#8221;23px&#8221; background_layout=&#8221;dark&#8221; hover_enabled=&#8221;0&#8243; image_max_width=&#8221;80%&#8221; global_colors_info=&#8221;{}&#8221; sticky_enabled=&#8221;0&#8243;]<\/p>\n<p>Buradan bize bir mesaj g\u00f6nderebilir veya geri aramak i\u00e7in telefon numaran\u0131z\u0131 b\u0131rakabilirsiniz. En ge\u00e7 ertesi i\u015f g\u00fcn\u00fc size geri d\u00f6n\u00fc\u015f yapaca\u011f\u0131z!<\/p>\n<p>[\/et_pb_blurb][\/et_pb_column][et_pb_column type=&#8221;1_2&#8243; _builder_version=&#8221;4.16&#8243; global_colors_info=&#8221;{}&#8221;][et_pb_text _builder_version=&#8221;4.16&#8243; _module_preset=&#8221;default&#8221; global_colors_info=&#8221;{}&#8221;][wpforms id=&#8221;239667&#8243; title=&#8221;Yanl\u0131\u015f&#8221; description=&#8221;false&#8221;][\/et_pb_text][\/et_pb_column][et_pb_column type=&#8221;1_4&#8243; _builder_version=&#8221;4.16&#8243; global_colors_info=&#8221;{}&#8221;][et_pb_text _builder_version=&#8221;4.16&#8243; text_font=&#8221;||||||||&#8221; background_layout=&#8221;dark&#8221; global_colors_info=&#8221;{}&#8221;]<\/p>\n<p>digital4kids.at<\/p>\n<p>Telefon: 01\/305 20 47<\/p>\n<p>e-posta: <a href=\"mailto:office@digital4kids.at\">office (a) digital4kids.at<\/a><\/p>\n<p>&nbsp;<\/p>\n<p>digital4kids.at bir Avrupa Birli\u011fi projesidir.<\/p>\n<p>SalesAtelier GmbH<br \/>Erdbergstra\u00dfe 216a\/2\/1<br \/>1030 Viyana<\/p>\n<p>[\/et_pb_text][\/et_pb_column][\/et_pb_row][\/et_pb_section]<\/p>\n","protected":false},"excerpt":{"rendered":"<p>G\u00fcn\u00fcm\u00fcz i\u015f ortam\u0131nda, \u00e7e\u015fitli teknik terimler ve teknolojiler hakk\u0131nda bilgi sahibi olmak bir \u00f6n ko\u015fuldur. \u00c7ocuklara avantaj sa\u011flamak i\u00e7in erken ya\u015flardan itibaren mant\u0131ksal d\u00fc\u015f\u00fcnme becerilerini geli\u015ftirme f\u0131rsat\u0131 veriyoruz. Programlaman\u0131n temellerini anlad\u0131\u011f\u0131n\u0131zda ve bir bilgisayar\u0131n nas\u0131l &#8220;\u00e7al\u0131\u015ft\u0131\u011f\u0131n\u0131&#8221; bildi\u011finizde, hayatta pek \u00e7ok \u015fey daha kolay olacakt\u0131r.\u0130nternet nedir, geli\u015fimi, uygulamalar\u0131, tehlikeleri, sosyal medya, gizlilik, vir\u00fcsler, e-posta, zararl\u0131 yaz\u0131l\u0131mlar, [&hellip;]<\/p>\n","protected":false},"author":1,"featured_media":0,"parent":0,"menu_order":0,"comment_status":"closed","ping_status":"closed","template":"","meta":{"_et_pb_use_builder":"on","_et_pb_old_content":"","_et_gb_content_width":"","footnotes":""},"class_list":["post-240309","page","type-page","status-publish","hentry"],"_links":{"self":[{"href":"https:\/\/digital4kids.at\/tr\/wp-json\/wp\/v2\/pages\/240309","targetHints":{"allow":["GET"]}}],"collection":[{"href":"https:\/\/digital4kids.at\/tr\/wp-json\/wp\/v2\/pages"}],"about":[{"href":"https:\/\/digital4kids.at\/tr\/wp-json\/wp\/v2\/types\/page"}],"author":[{"embeddable":true,"href":"https:\/\/digital4kids.at\/tr\/wp-json\/wp\/v2\/users\/1"}],"replies":[{"embeddable":true,"href":"https:\/\/digital4kids.at\/tr\/wp-json\/wp\/v2\/comments?post=240309"}],"version-history":[{"count":1,"href":"https:\/\/digital4kids.at\/tr\/wp-json\/wp\/v2\/pages\/240309\/revisions"}],"predecessor-version":[{"id":240325,"href":"https:\/\/digital4kids.at\/tr\/wp-json\/wp\/v2\/pages\/240309\/revisions\/240325"}],"wp:attachment":[{"href":"https:\/\/digital4kids.at\/tr\/wp-json\/wp\/v2\/media?parent=240309"}],"curies":[{"name":"wp","href":"https:\/\/api.w.org\/{rel}","templated":true}]}}